{"id":1946,"date":"2020-11-30T21:37:12","date_gmt":"2020-11-30T20:37:12","guid":{"rendered":"http:\/\/mdcprovisional.aestrada.gal\/?page_id=1946"},"modified":"2020-11-30T21:38:34","modified_gmt":"2020-11-30T20:38:34","slug":"politica-de-privacidade","status":"publish","type":"page","link":"https:\/\/mardecompostela.aestrada.gal\/index.php\/politica-de-privacidade\/","title":{"rendered":"Pol\u00edtica de Privacidade"},"content":{"rendered":"<p>A trav\u00e9s de la presente Pol\u00edtica se informa que los datos personales de los clientes ser\u00e1n tratados de conformidad con los principios de transparencia, limitaci\u00f3n de la finalidad, minimizaci\u00f3n de datos, exactitud, integridad y confidencialidad, as\u00ed como respetando el resto de obligaciones y garant\u00edas establecidas en el Reglamento (UE) 2016\/679 del Parlamento Europeo y del Consejo de 27 de abril de 2016 relativo a la protecci\u00f3n de las personas f\u00edsicas en lo que respecta al tratamiento de datos personales y a la libre circulaci\u00f3n de estos datos.<\/p>\n<p>A los efectos de cumplir con la mencionada normativa y ayudar al Cliente o usuario de MAR DE COMPOSTELA a entender c\u00f3mo se recopilan, emplean, tratan y protegen sus datos personales, MAR DE COMPOSTELA le informa de los siguientes aspectos relacionados con su derecho a la protecci\u00f3n de datos personales.<\/p>\n<ul>\n<li>Glosario de t\u00e9rminos<\/li>\n<\/ul>\n<p>Para la mejor comprensi\u00f3n de la Pol\u00edtica de privacidad, se definen los siguientes conceptos a los que se ir\u00e1 haciendo referencia en la misma:<\/p>\n<ul>\n<li><strong>Cliente o titular<\/strong>: persona o empresa que realice y mantenga la relaci\u00f3n contractual con MAR DE COMPOSTELA<\/li>\n<li><strong>Usuario<\/strong>: persona que interact\u00fae en la web de MAR DE COMPOSTELA<\/li>\n<li><strong>Interlocutor de empresa<\/strong>: persona designada por MAR DE COMPOSTELA que interactue para comunicaciones informativas y\/o comerciales.<\/li>\n<li><strong>Producto o Servicio<\/strong>: productos o servicios cuya comercializaci\u00f3n se realice bajo MAR DE COMPOSTELA<\/li>\n<li>\u00bfQui\u00e9n trata tus datos?<\/li>\n<\/ul>\n<p>Identidad: MAR DE COMPOSTELA<\/p>\n<p>Telefono: 699 339 794<\/p>\n<p>Elect:\u00a0 \u00a0contacto@mardecompostela.com<\/p>\n<ul>\n<li>\u00bfQu\u00e9 es un dato personal y qu\u00e9 datos tratamos?<\/li>\n<\/ul>\n<p>Los datos personales consisten en informaci\u00f3n que identifica o que permite identificar a personas individuales como el nombre, la direcci\u00f3n postal, la direcci\u00f3n de correo electr\u00f3nico o el n\u00famero de tel\u00e9fono, etc.<\/p>\n<p>Desde MAR DE COMPOSTELA, tratamos la informaci\u00f3n personal que el cliente facilita para la contrataci\u00f3n de un producto o servicio, as\u00ed como la informaci\u00f3n generada a trav\u00e9s de la prestaci\u00f3n del mismo. En base al principio de minimizaci\u00f3n, los datos que podremos tratar ser\u00e1n adecuados, pertinentes y limitados a los necesarios en funci\u00f3n de los fines para los cuales son tratados, y respetando siempre la voluntad del cliente.<\/p>\n<p>Los datos que podr\u00e1n ser objeto de tratamiento, dependiendo de los Productos y\/o Servicios que el Cliente tenga contratados, as\u00ed como de los tratamientos adicionales permitidos o autorizados por el Cliente, ser\u00e1n los determinados en las siguientes categor\u00edas:<\/p>\n<ul>\n<li><strong>Datos de cliente<\/strong>: es el conjunto de datos formado por los datos de contacto, edad, as\u00ed como cualquier tipo de informaci\u00f3n recabada<\/li>\n<li><strong>Datos de los Productos o Servicios<\/strong>: tipo de productos y\/o servicios que han sido contratados por el cliente<\/li>\n<li><strong>Datos de visitas web<\/strong>: son los datos de la direcci\u00f3n IP p\u00fablica de cada conexi\u00f3n realizada por el usuario, incluyendo su fecha y hora de conexi\u00f3n, la consulta al DNS, las p\u00e1ginas webs consultadas o las aplicaciones utilizadas por el cliente, la IP de la web que el cliente consulta, nombre de dominio (URL), apartados visitados dentro de la p\u00e1gina web (URI), volumen de datos utilizados, fecha de la conexi\u00f3n e IMSI.<\/li>\n<\/ul>\n<p>No obstante lo anterior, se informa que la prestaci\u00f3n de los Productos y\/o Servicios de MAR DE COMPOSTELA \u00a0podr\u00e1n implicar el tratamiento de otras categor\u00edas de datos no incluidas en esta enumeraci\u00f3n, en tal caso, el Cliente ser\u00e1 informado de las condiciones de privacidad espec\u00edficas solicit\u00e1ndolas al correo\u00a0contacto@mardecompostela.com<\/p>\n<p>Sin perjuicio de los datos indicados anteriormente, MAR DE COMPOSTELA \u00a0informa que los datos tratados podr\u00e1n ser objeto de un proceso de anonimizaci\u00f3n irreversible cumpliendo con todas las garant\u00edas establecidas por la legislaci\u00f3n as\u00ed como las medidas que permita el mercado. A este respecto, se\u00f1alar que los principios de protecci\u00f3n de datos de car\u00e1cter personal no son aplicables a la informaci\u00f3n an\u00f3nima.<\/p>\n<ul>\n<li>\u00bfC\u00f3mo tratamos tus datos?<\/li>\n<\/ul>\n<p>En la presente Pol\u00edtica se recoge el detalle de la forma en la que MAR DE COMPOSTELA trata los datos personales, y de la cual se ha informado al Cliente.<\/p>\n<p><strong>\u00bfQu\u00e9 implica ser Cliente?<\/strong><\/p>\n<p>El Cliente es el responsable de la relaci\u00f3n establecida, y el que acepta las condiciones en las que se desarrolla la misma. En este sentido, garantiza que est\u00e1 facultado y ha obtenido el consentimiento de los usuarios o interlocutores para aceptar las condiciones de privacidad que se establecen en la presente Pol\u00edtica.<\/p>\n<ul>\n<li>\u00bfPara qu\u00e9 tratamos tus datos?<\/li>\n<\/ul>\n<p>En MAR DE COMPOSTELA tratamos los datos del cliente para la prestaci\u00f3n del servicio, as\u00ed como para otras finalidades que el mismo permita o autorice en los t\u00e9rminos informados en la presente Pol\u00edtica de Privacidad.<\/p>\n<p>El Cliente ser\u00e1 el \u00fanico responsable de toda la informaci\u00f3n que se proporcione a MAR DE COMPOSTELA para la gesti\u00f3n y contrataci\u00f3n de los productos y\/o servicios, garantizando que est\u00e1 facultado y ha obtenido el consentimiento de su titular para la entrega. MAR DE COMPOSTELA no se responsabiliza de la utilizaci\u00f3n de datos falsos, inexactos, incompletos, no actualizados proporcionados por el Cliente.<\/p>\n<ul>\n<li>Plazos de conservaci\u00f3n de la informaci\u00f3n<\/li>\n<\/ul>\n<p>Se informa al cliente de que, en cumplimiento del principio de limitaci\u00f3n del plazo de conservaci\u00f3n, los datos recogidos ser\u00e1n tratados \u00fanica y exclusivamente durante el tiempo necesario y para las finalidades para las que se hayan recabado en cada momento. Ser\u00e1n pues mantenidos de forma que se permita la identificaci\u00f3n de los interesados durante no m\u00e1s tiempo del necesario para los fines del tratamiento de los datos personales.<\/p>\n<p>En concreto, MAR DE COMPOSTELA se encuentra sometida al cumplimiento de determinadas obligaciones legales, como por ejemplo, la\u00a0<strong>Ley General Tributaria art. 66-70 para el tratamiento de datos para su facturaci\u00f3n y posible cesi\u00f3n de los mismos en caso de obligaciones legales.<\/strong><\/p>\n<ul>\n<li>Ejercicio de derechos<\/li>\n<\/ul>\n<p>De conformidad con lo establecido en la normativa aplicable, MAR DE COMPOSTELA informa al cliente que tiene los siguientes derechos derivados de la normativa aplicable:<\/p>\n<ul>\n<li><strong>Acceso<\/strong>: permite al titular de los datos obtener informaci\u00f3n sobre si en MAR DE COMPOSTELA estamos tratando datos personales que le conciernen o no y, en tal caso, derecho a obtener informaci\u00f3n sobre tus datos de car\u00e1cter personal sometidos a tratamiento.<\/li>\n<li><strong>Rectificaci\u00f3n<\/strong>: permite corregir errores y modificar los datos que resulten ser inexactos o incompletos.<\/li>\n<li><strong>Supresi\u00f3n<\/strong>: permite que los datos sean suprimidos y dejen de tratarse por MAR DE COMPOSTELA, salvo que exista obligaci\u00f3n legal de conservarlos y\/o no prevalezcan otros motivos leg\u00edtimos para su tratamiento por MAR DE COMPOSTELA<\/li>\n<li><strong>Limitaci\u00f3n<\/strong>: bajo las condiciones establecidas legalmente, permite que el tratamiento de datos se paralice, de tal manera que se evite por parte de MAR DE COMPOSTELA su tratamiento en un futuro, que \u00fanicamente los conservar\u00e1 para el ejercicio o la defensa de reclamaciones.<\/li>\n<li><strong>Oposici\u00f3n<\/strong>: en determinadas circunstancias y por motivos relacionados con su situaci\u00f3n particular, los interesados podr\u00e1n oponerse al tratamiento de sus datos. MAR DE COMPOSTELA dejar\u00e1 de tratar los datos, salvo por motivos leg\u00edtimos imperiosos, o el ejercicio o la defensa de posibles reclamaciones.<\/li>\n<li><strong>Portabilidad<\/strong>: permite al interesado recibir sus datos personales y poder transmitirlos directamente a otro responsable en un formato estructurado, de uso com\u00fan y lectura mec\u00e1nica. Para el ejercicio de este derecho, ser\u00e1 necesario que el cliente proporcione un correo electr\u00f3nico v\u00e1lido.<\/li>\n<\/ul>\n<p>MAR DE COMPOSTELA garantiza la adopci\u00f3n de las medidas necesarias para asegurar el ejercicio de estos derechos gratuitamente, siendo necesario para tal ejercicio que se adjunte copia de su documento oficial de identificaci\u00f3n:<\/p>\n<ul>\n<li>Para el ejercicio de cualquiera de los derechos citados anteriormente dirigiendo un escrito postal, indicando en la solicitud qu\u00e9 derecho ejerce, a:\n<ul>\n<li>Identidad: MAR DE COMPOSTELA<\/li>\n<li>Correo Elect: contacto@mardecompostela.com<\/li>\n<\/ul>\n<\/li>\n<li>Escribiendo un correo electr\u00f3nico a trav\u00e9s de la siguiente direcci\u00f3n, aportando la misma informaci\u00f3n expuesta en el apartado anterior, a: \u00a0contacto@mardecompostela.com<\/li>\n<li>Informaci\u00f3n que compartimos: destinatarios o categor\u00edas destinatarios<\/li>\n<\/ul>\n<p>Los datos no se ceder\u00e1n a \u00a0terceros, salvo en los casos en que exista una obligaci\u00f3n legal.<\/p>\n<ul>\n<li>Seguridad y confidencialidad en el tratamiento de tu informaci\u00f3n<\/li>\n<\/ul>\n<p>MAR DE COMPOSTELA se preocupa por garantizar la seguridad, el secreto y la confidencialidad de tus datos, comunicaciones e informaci\u00f3n personal. Por eso, como parte de nuestro compromiso y en cumplimiento de la legislaci\u00f3n vigente, hemos adoptado las m\u00e1s exigentes y robustas medidas de seguridad y medios t\u00e9cnicos para evitar su p\u00e9rdida, mal uso o su acceso sin tu autorizaci\u00f3n.<\/p>\n<p>Cuando recibimos los datos del cliente, utilizamos rigurosos procedimientos y funciones de seguridad para impedir cualquier acceso no autorizado.<\/p>\n<p>Los datos personales que podamos recabar por medio de las distintas comunicaciones que mantengamos contigo ser\u00e1n tratados con absoluta confidencialidad, comprometi\u00e9ndonos a guardar secreto respecto de los mismos y garantizando el deber de guardarlos adoptando todas las medidas necesarias y razonables que eviten su alteraci\u00f3n, p\u00e9rdida y tratamiento o acceso no autorizado, de acuerdo con lo establecido en la legislaci\u00f3n aplicable.<\/p>\n<ul>\n<li>Tratamiento de datos de menores<\/li>\n<\/ul>\n<p>MAR DE COMPOSTELA proh\u00edbe expresamente que aquellos menores que no tengan la edad m\u00ednima prevista legalmente en la normativa vigente para poder consentir el tratamiento de sus datos personales por s\u00ed mismos, faciliten los mismos a MAR DE COMPOSTELA sin el consentimiento previo de sus padres, tutores o representantes legales.<\/p>\n<p>En el momento en el que los padres, tutores o representantes legales de estos menores detecten un tratamiento de datos no autorizado podr\u00e1n presentar sus consultas o reclamaciones dirigiendo un escrito a\u00a0contacto@mardecompostela.com<\/p>\n<ul>\n<li>Cookies<\/li>\n<\/ul>\n<p>Al igual que otros portales de Internet, las p\u00e1ginas web de MAR DE COMPOSTELA utilizan una tecnolog\u00eda denominada \u201ccookies\u201d para recabar informaci\u00f3n sobre las interacciones de los usuarios y forma de utilizaci\u00f3n de las P\u00e1ginas web.<\/p>\n<p>En cumplimiento con lo establecido en el art\u00edculo 22.2 de la Ley de Servicios de la Sociedad de la Informaci\u00f3n y del Comercio Electr\u00f3nico (LSSI) y en adecuaci\u00f3n con la Directiva Europea 2009\/136\/CE, \u00abMAR DE COMPOSTELA\u00bb le informa que este sitio Web utiliza cookies, al igual que la mayor\u00eda de portales en Internet, usa cookies para mejorar la experiencia del usuario. A continuaci\u00f3n encontrar\u00e1 informaci\u00f3n sobre qu\u00e9 son las cookies, qu\u00e9 tipo de cookies utiliza este portal, c\u00f3mo puede desactivar las cookies en su navegador y c\u00f3mo desactivar espec\u00edficamente la instalaci\u00f3n de cookies de terceros. Si no encuentra la informaci\u00f3n espec\u00edfica que usted est\u00e1 buscando, por favor dir\u00edjase a\u00a0contacto@mardecompostela.com<\/p>\n<p><strong>\u00bfQu\u00e9 son las cookies?<\/strong><\/p>\n<p>Las cookies son peque\u00f1os archivos que algunas plataformas, como las p\u00e1ginas web, pueden instalar en su ordenador, smartphone, tableta o televisi\u00f3n conectada. Sus funciones pueden ser muy variadas: almacenar sus preferencias de navegaci\u00f3n, recopilar informaci\u00f3n estad\u00edstica, permitir ciertas funcionalidades t\u00e9cnicas, etc\u00e9tera. En ocasiones, las cookies se utilizan para almacenar informaci\u00f3n b\u00e1sica sobre los h\u00e1bitos de navegaci\u00f3n del usuario o de su equipo, hasta el punto, seg\u00fan los casos, de poder reconocerlo.<\/p>\n<p><strong>\u00bfPor qu\u00e9 son importantes?<\/strong><\/p>\n<p>Las cookies son \u00datiles por varios motivos. Desde un punto de vista t\u00e9cnico, permiten que las p\u00e1ginas web funcionen de forma m\u00e1s \u00e1gil y adaptada a sus preferencias, como por ejemplo almacenar su idioma o la moneda de su pa\u00eds. Adem\u00e1s, ayudan a los responsables de los sitios web a mejorar los servicios que ofrecen, gracias a la informaci\u00f3n estad\u00edstica que recogen a trav\u00e9s de ellas. Finalmente, sirven para hacer m\u00e1s eficiente la publicidad que le mostramos, gracias a la cual le podemos ofrecer servicios de forma gratuita.<\/p>\n<p><strong>\u00bfTodas las cookies tienen la misma funci\u00f3n?<\/strong><\/p>\n<p>No, hay diferentes tipos de cookies y se utilizan para diferentes prop\u00f3sitos. Las cookies se pueden diferenciar por funci\u00f3n, duraci\u00f3n y qui\u00e9n las almacena y gestiona en una p\u00e1gina web.<\/p>\n<p>En funci\u00f3n de qui\u00e9n las almacena y gestiona en la p\u00e1gina web pueden ser:<\/p>\n<p><strong>Cookies propias:<\/strong>\u00a0son las que se env\u00edan al equipo del usuario desde un equipo o dominio gestionado por el propio editor y desde el que se presta el servicio solicitado por el usuario.<\/p>\n<p><strong>Cookies de terceros:\u00a0<\/strong>Son las que se env\u00edan a un equipo del usuario desde un equipo o dominio que no es gestionado por el editor sino por un tercero que trata los datos obtenidos a trav\u00e9s de las cookies.<\/p>\n<p>En funci\u00f3n de su duraci\u00f3n o plazo de tiempo que permanecen activadas:<\/p>\n<p><strong>Cookies de sesi\u00f3n:\u00a0<\/strong>se utilizan para recabar y almacenar datos durante el tiempo que el usuario accede a la p\u00e1gina, una vez que cierra la p\u00e1gina, desaparecen.<\/p>\n<p><strong>Cookies persistentes:\u00a0<\/strong>los datos que se recogen con estas cookies permanecen almacenados en el terminal y pueden ser accedidos y tratados durante un per\u00edodo determinado de tiempo que es definido por el responsable de la cookie.<\/p>\n<p>En funci\u00f3n de la finalidad:<\/p>\n<p><strong>Cookies t\u00e9cnicas:\u00a0<\/strong>son las que permiten el correcto funcionamiento de la p\u00e1gina web y una navegaci\u00f3n correcta.<\/p>\n<p><strong>Cookies de personalizaci\u00f3n:\u00a0<\/strong>son las que permiten acceder a la p\u00e1gina con algunas caracter\u00edsticas de car\u00e1cter general predefinidas en funci\u00f3n de una serie de criterios del terminal del usuario, son las que permiten recordar tus preferencias para una utilizaci\u00f3n de forma eficiente y efectiva de la web.<\/p>\n<p><strong>Cookies anal\u00edticas:\u00a0<\/strong>permiten al responsable, el seguimiento y an\u00e1lisis del comportamiento de los usuarios de los sitios web a los que est\u00e1 vinculada. Sirven para entender como el usuario utiliza la p\u00e1gina web, ver qu\u00e9 funciona y qu\u00e9 no, de esta forma permite elaborar perfiles de navegaci\u00f3n, con el fin de introducir mejoras en funci\u00f3n del an\u00e1lisis de los datos de uso que hacen los usuarios del servicio.<\/p>\n<p><strong>Cookies publicitarias:\u00a0<\/strong>permiten la gesti\u00f3n de forma eficaz de los espacios publicitarios que el editor tenga en su web desde la que presta el servicio sobre la base de criterios como el contenido.<\/p>\n<p><strong>Cookies de publicidad compartamental:\u00a0<\/strong>permiten la gesti\u00f3n de forma eficaz de los espacios publicitarios que el editor tenga en la web desde la que presta el servicio solicitado. Estas cookies almacenan la informaci\u00f3n del comportamiento de los usuarios a trav\u00e9s de una observaci\u00f3n continuada de sus h\u00e1bitos de navegaci\u00f3n, y desarrolla un perfil espec\u00edfico para mostrar la publicidad en funci\u00f3n del mismo.<\/p>\n<p><strong>\u00bfCu\u00e1les son las utilizadas? <\/strong><\/p>\n<p>En concreto,\u00a0bajo el dominio mardecompostela.com se utilizan las siguientes cookies:<\/p>\n<p><strong>Cookies t\u00e9cnicas o funcionales.-\u00a0<\/strong>Las cookies funcionales son las estrictamente necesarias e indispensables para proporcionar los servicios solicitados por los usuarios en este sitio Web de manera \u00f3ptima. Su funci\u00f3n es recoger datos puramente t\u00e9cnicos (sistema operativo, control del tr\u00e1fico, recordar pedidos, seguridad, etc.), sin recabar datos identificativos de su persona.<\/p>\n<p><strong>Cookies anal\u00edticas.-\u00a0\u00a0<\/strong>Las cookies anal\u00edticas recogen informaci\u00f3n para evaluar el uso que se hace de la Web y la actividad general de la misma. La anal\u00edtica de la Web es la medida, recolecci\u00f3n, an\u00e1lisis y creaci\u00f3n de informes de los datos de Internet con el prop\u00f3sito de entender y optimizar el uso del sitio Web. Este tipo de cookies se utilizan en el dominio\u00a0www.mardecompostela.com y subdominios.<\/p>\n<p>\u00danicamente para su informaci\u00f3n, le se\u00f1alamos qu\u00e9 otros tipos de cookies existen. No obstante, le indicamos que la web de MAR DE COMPOSTELA \u00a0NO las utiliza.<\/p>\n<p><strong>Cookies de personalizaci\u00f3n.-\u00a0<\/strong>Estas cookies est\u00e1n destinadas a fijar los criterios b\u00e1sicos y concretos del terminal del usuario (idioma, tipo de navegador, configuraci\u00f3n regional de acceso al servicio, etc.), sin que sirvan para configurar un perfil de usuario.<\/p>\n<p><strong>Cookies sociales.-\u00a0<\/strong>Las cookies sociales son las utilizadas por las redes sociales externas (Facebook, Google+ y Twitter). Su funci\u00f3n es controlar la interacci\u00f3n con los widgets sociales dentro de la p\u00e1gina.<\/p>\n<p><strong>Cookies de publicidad comportamental.-\u00a0<\/strong>Son aquellas con la capacidad de almacenar datos referentes a su comportamiento y h\u00e1bitos de navegaci\u00f3n, como, por ejemplo, sus destinos y actividades preferidos. Fruto de este almacenamiento y procesamiento, es posible obtener un perfil espec\u00edfico del usuario que mejore y d\u00e9 mayor eficacia a las ofertas publicitarias que se muestran durante la navegaci\u00f3n.<\/p>\n<p><strong>En concreto, las cookies que utiliza\u00a0www.mardecompostela.com son:<\/strong><\/p>\n<p><strong>COOKIES PROPIAS DE<\/strong>\u00a0 www.mardecompostela.com (Obligatorias para su correcto funcionamiento)<\/p>\n<p>Nombre Tiempo de caducidad\u00a0\u00a0\u00a0\u00a0\u00a0\u00a0\u00a0\u00a0 Descripci\u00f3n<\/p>\n<p>cookieaccept\u00a0\u00a0\u00a0\u00a0 1 mes desde la aceptaci\u00f3n por parte del usuario\u00a0\u00a0\u00a0\u00a0\u00a0\u00a0\u00a0\u00a0\u00a0 Utilizada por la barra de aceptaci\u00f3n de cookies para determinar si el visitante ha aceptado o no su uso<\/p>\n<p>_fbp 3 meses\u00a0\u00a0\u00a0\u00a0\u00a0\u00a0 Utilizada por Facebook para proporcionar una serie de productos publicitarios como pujas en tiempo real de terceros anunciantes.<\/p>\n<p><strong>COOKIES DE TERCEROS:<\/strong>\u00a0Google<\/p>\n<p>Nombre Tiempo de caducidad\u00a0\u00a0\u00a0\u00a0\u00a0\u00a0\u00a0\u00a0 Descripci\u00f3n<\/p>\n<p>__utma\u00a0 2 a\u00f1os desde la configuraci\u00f3n\/actualizaci\u00f3n\u00a0\u00a0\u00a0\u00a0\u00a0\u00a0\u00a0\u00a0\u00a0\u00a0\u00a0\u00a0\u00a0\u00a0\u00a0 Se utiliza para distinguir usuarios y sesiones. Se crea cuando la biblioteca javascript se ejecuta y no existen cookies _utma previas. Se actualiza cada vez que los datos se env\u00edan a Google Analytics.<\/p>\n<p>__utmb\u00a0 30 min. desde la configuraci\u00f3n\/actualizaci\u00f3n\u00a0\u00a0\u00a0\u00a0\u00a0\u00a0\u00a0\u00a0\u00a0\u00a0\u00a0\u00a0\u00a0 Usada para determinar nuevas sesiones\/visitas. Se crea cuando la biblioteca javascript se ejecuta y no existen cookies __utbm previas. Se actualiza cada vez que los datos se env\u00edan a Google Analytics.<\/p>\n<p>__utmc\u00a0 Final de la sesi\u00f3n de navegador\u00a0\u00a0\u00a0\u00a0\u00a0\u00a0 No se utiliza en ga.js. Utilizado para la interoperabilidad con urchin.js. Hist\u00f3ricamente, esta cookie operaba en conjunto con la cookie __utmb para determinar si el usuario estaba en una nueva sesi\u00f3n\/visita.<\/p>\n<p>__utmz\u00a0 6 meses desde la configuraci\u00f3n\/actualizaci\u00f3n\u00a0\u00a0\u00a0\u00a0\u00a0\u00a0\u00a0\u00a0\u00a0\u00a0\u00a0\u00a0 Almacena la fuente de tr\u00e1fico o campa\u00f1a que explica c\u00f3mo lleg\u00f3 el usuario a la web. Se crea cuando la biblioteca javascript se ejecuta y se actualiza cada vez que los datos se env\u00edan a Google Analytics.<\/p>\n<p>__utmt\u00a0\u00a0 Caducan al finalizar la sesi\u00f3n\u00a0\u00a0\u00a0\u00a0\u00a0\u00a0\u00a0\u00a0\u00a0\u00a0\u00a0 Esta cookie se utiliza para procesar el tipo de solicitud requerida por el usuario<\/p>\n<p>_ga\u00a0\u00a0\u00a0\u00a0\u00a0\u00a0\u00a0\u00a0 Caducan a los 24 meses (2 a\u00f1os)\u00a0\u00a0\u00a0\u00a0 Almacena un identificador de cliente \u00fanico (ID de cliente), que es un n\u00famero generado aleatoriamente. Una vez generado el ID, se almacena en la cookie y se incluye en cada hit o solicitud que se env\u00eda a Google Analytics. Despu\u00e9s, los servidores de Google Analytics lo utilizan para calcular los datos de usuarios, sesiones y campa\u00f1as.<\/p>\n<p>_gat\u00a0\u00a0\u00a0\u00a0\u00a0\u00a0\u00a0 1 minuto\u00a0\u00a0\u00a0\u00a0\u00a0\u00a0\u00a0\u00a0\u00a0\u00a0\u00a0\u00a0\u00a0\u00a0 Se usa para limitar el porcentaje de solicitudes<\/p>\n<p>_gid\u00a0\u00a0\u00a0\u00a0\u00a0\u00a0\u00a0 24 horas\u00a0\u00a0\u00a0\u00a0\u00a0\u00a0\u00a0\u00a0\u00a0\u00a0\u00a0\u00a0\u00a0\u00a0\u00a0 Se usa para distinguir a los usuarios.<\/p>\n<p><strong>\u00bfC\u00f3mo puedo configurar mis preferencias?<\/strong><\/p>\n<p>Puede permitir, bloquear o eliminar las cookies instaladas en su equipo mediante la configuraci\u00f3n de las opciones de su navegador de internet. En el caso en que las bloquee, es posible que ciertos servicios que necesitan su uso no est\u00e9n disponibles para usted.<\/p>\n<p>A continuaci\u00f3n le ofrecemos enlaces en los que encontrar\u00e1 informaci\u00f3n sobre c\u00f3mo puede activar sus preferencias en los principales navegadores:<\/p>\n<p><a href=\"https:\/\/support.google.com\/chrome\/answer\/95647?hl=es\">Google Chrome<\/a><br \/>\n<a href=\"https:\/\/support.mozilla.org\/es\/kb\/cookies-informacion-que-los-sitios-web-guardan-en-?redirectlocale=en-US&amp;redirectslug=Cookies\">Mozilla Firefox<\/a><br \/>\n<a href=\"https:\/\/support.microsoft.com\/es-es\/kb\/196955\">Internet Explorer<\/a><br \/>\n<a href=\"https:\/\/support.apple.com\/es-es\/HT201265\">Safari para IOS (iPhone, iPad)<\/a><br \/>\n<a href=\"http:\/\/www.macromedia.com\/support\/documentation\/es\/flashplayer\/help\/settings_manager07.html\">Cookies Flash<\/a><\/p>\n<p>&nbsp;<\/p>\n","protected":false},"excerpt":{"rendered":"<p>A trav\u00e9s de la presente Pol\u00edtica se informa que los [&hellip;]<\/p>\n","protected":false},"author":1,"featured_media":0,"parent":0,"menu_order":0,"comment_status":"closed","ping_status":"closed","template":"","meta":[],"_links":{"self":[{"href":"https:\/\/mardecompostela.aestrada.gal\/index.php\/wp-json\/wp\/v2\/pages\/1946"}],"collection":[{"href":"https:\/\/mardecompostela.aestrada.gal\/index.php\/wp-json\/wp\/v2\/pages"}],"about":[{"href":"https:\/\/mardecompostela.aestrada.gal\/index.php\/wp-json\/wp\/v2\/types\/page"}],"author":[{"embeddable":true,"href":"https:\/\/mardecompostela.aestrada.gal\/index.php\/wp-json\/wp\/v2\/users\/1"}],"replies":[{"embeddable":true,"href":"https:\/\/mardecompostela.aestrada.gal\/index.php\/wp-json\/wp\/v2\/comments?post=1946"}],"version-history":[{"count":2,"href":"https:\/\/mardecompostela.aestrada.gal\/index.php\/wp-json\/wp\/v2\/pages\/1946\/revisions"}],"predecessor-version":[{"id":1949,"href":"https:\/\/mardecompostela.aestrada.gal\/index.php\/wp-json\/wp\/v2\/pages\/1946\/revisions\/1949"}],"wp:attachment":[{"href":"https:\/\/mardecompostela.aestrada.gal\/index.php\/wp-json\/wp\/v2\/media?parent=1946"}],"curies":[{"name":"wp","href":"https:\/\/api.w.org\/{rel}","templated":true}]}}